{"id":2,"date":"2023-12-13T15:23:29","date_gmt":"2023-12-13T15:23:29","guid":{"rendered":"https:\/\/web4.rkinformatika.net\/masxmenosugao\/?page_id=2"},"modified":"2023-12-15T09:49:23","modified_gmt":"2023-12-15T09:49:23","slug":"inicio","status":"publish","type":"page","link":"https:\/\/masxmenosugao.com\/eus\/","title":{"rendered":"Hasiera"},"content":{"rendered":"<div data-elementor-type=\"wp-page\" data-elementor-id=\"2\" class=\"elementor elementor-2\" data-elementor-post-type=\"page\">\n\t\t\t\t\t\t<section class=\"elementor-section elementor-top-section elementor-element elementor-element-11aacd1c elementor-section-boxed elementor-section-height-default elementor-section-height-default\" data-id=\"11aacd1c\" data-element_type=\"section\" data-e-type=\"section\" data-settings=\"{&quot;background_background&quot;:&quot;classic&quot;}\">\n\t\t\t\t\t\t<div class=\"elementor-container elementor-column-gap-default\">\n\t\t\t\t\t<div class=\"elementor-column elementor-col-100 elementor-top-column elementor-element elementor-element-1ddd725c\" data-id=\"1ddd725c\" data-element_type=\"column\" data-e-type=\"column\">\n\t\t\t<div class=\"elementor-widget-wrap elementor-element-populated\">\n\t\t\t\t\t\t<div class=\"elementor-element elementor-element-7a4fca68 elementor-invisible elementor-widget elementor-widget-heading\" data-id=\"7a4fca68\" data-element_type=\"widget\" data-e-type=\"widget\" data-settings=\"{&quot;_animation&quot;:&quot;fadeInUp&quot;,&quot;_animation_delay&quot;:100}\" data-widget_type=\"heading.default\">\n\t\t\t\t<div class=\"elementor-widget-container\">\n\t\t\t\t\t<h2 class=\"elementor-heading-title elementor-size-default\">M\u00e1s x Menos<\/h2>\t\t\t\t<\/div>\n\t\t\t\t<\/div>\n\t\t\t\t\t<\/div>\n\t\t<\/div>\n\t\t\t\t\t<\/div>\n\t\t<\/section>\n\t\t\t\t<section class=\"elementor-section elementor-top-section elementor-element elementor-element-74b85750 elementor-section-boxed elementor-section-height-default elementor-section-height-default\" data-id=\"74b85750\" data-element_type=\"section\" data-e-type=\"section\">\n\t\t\t\t\t\t<div class=\"elementor-container elementor-column-gap-default\">\n\t\t\t\t\t<div class=\"elementor-column elementor-col-50 elementor-top-column elementor-element elementor-element-877acb\" data-id=\"877acb\" data-element_type=\"column\" data-e-type=\"column\">\n\t\t\t<div class=\"elementor-widget-wrap elementor-element-populated\">\n\t\t\t\t\t\t<div class=\"elementor-element elementor-element-0388632 elementor-widget-divider--view-line_text elementor-widget-divider--element-align-right elementor-widget elementor-widget-divider\" data-id=\"0388632\" data-element_type=\"widget\" data-e-type=\"widget\" data-widget_type=\"divider.default\">\n\t\t\t\t<div class=\"elementor-widget-container\">\n\t\t\t\t\t\t\t<div class=\"elementor-divider\">\n\t\t\t<span class=\"elementor-divider-separator\">\n\t\t\t\t\t\t\t<span class=\"elementor-divider__text elementor-divider__element\">\n\t\t\t\tGuri Buruz\t\t\t\t<\/span>\n\t\t\t\t\t\t<\/span>\n\t\t<\/div>\n\t\t\t\t\t\t<\/div>\n\t\t\t\t<\/div>\n\t\t\t\t<div class=\"elementor-element elementor-element-2056f53b elementor-invisible elementor-widget elementor-widget-text-editor\" data-id=\"2056f53b\" data-element_type=\"widget\" data-e-type=\"widget\" data-settings=\"{&quot;_animation&quot;:&quot;fadeInUp&quot;,&quot;_animation_delay&quot;:250}\" data-widget_type=\"text-editor.default\">\n\t\t\t\t<div class=\"elementor-widget-container\">\n\t\t\t\t\t\t\t\t\t<p>2003an, produktu izoztuen denda gisa hasi ginen. Denborarekin, gure eskaintza zabaltzen dugu elikagai mota ugari sartzeko, produktu ultra izoztuetan gure espezializazioa mantenduz. Emaitza gisa, elikagai mota ugari eskaintzen ditugu orain, ontziratutako urdaitegia, kontserbak eta okintzako produktuak barne. Aldaketa horiek gorabehera, kalitate handiko produktu ultra izoztuak emateko gure konpromisoa berdina da oraindik ere. Gure bezeroei zerbitzatzen jarraitzea espero dugu, haien beharrak asetzeko eta haien itxaropenak gainditzeko elikadura-produktu sorta zabalarekin.<\/p>\t\t\t\t\t\t\t\t<\/div>\n\t\t\t\t<\/div>\n\t\t\t\t\t<\/div>\n\t\t<\/div>\n\t\t\t\t<div class=\"elementor-column elementor-col-50 elementor-top-column elementor-element elementor-element-d39c8a2 elementor-invisible\" data-id=\"d39c8a2\" data-element_type=\"column\" data-e-type=\"column\" data-settings=\"{&quot;animation&quot;:&quot;fadeInUp&quot;,&quot;animation_delay&quot;:200}\">\n\t\t\t<div class=\"elementor-widget-wrap elementor-element-populated\">\n\t\t\t\t\t\t<div class=\"elementor-element elementor-element-7f574719 elementor-widget elementor-widget-image\" data-id=\"7f574719\" data-element_type=\"widget\" data-e-type=\"widget\" data-widget_type=\"image.default\">\n\t\t\t\t<div class=\"elementor-widget-container\">\n\t\t\t\t\t\t\t\t\t\t\t\t\t\t\t<img decoding=\"async\" src=\"https:\/\/masxmenosugao.com\/wp-content\/uploads\/elementor\/thumbs\/IMG_20231115_201212-Emilio-Suarez-scaled-qgsm57vwge3s1hy75626mobqmvilwa4vjjcql87fb4.jpg\" title=\"IMG_20231115_201212 &#8211; Emilio Su\u00e1rez\" alt=\"IMG_20231115_201212 - Emilio Su\u00e1rez\" loading=\"lazy\" \/>\t\t\t\t\t\t\t\t\t\t\t\t\t\t\t<\/div>\n\t\t\t\t<\/div>\n\t\t\t\t\t<\/div>\n\t\t<\/div>\n\t\t\t\t\t<\/div>\n\t\t<\/section>\n\t\t\t\t<section class=\"elementor-section elementor-top-section elementor-element elementor-element-f760c73 elementor-section-boxed elementor-section-height-default elementor-section-height-default\" data-id=\"f760c73\" data-element_type=\"section\" data-e-type=\"section\" data-settings=\"{&quot;background_background&quot;:&quot;classic&quot;}\">\n\t\t\t\t\t\t<div class=\"elementor-container elementor-column-gap-default\">\n\t\t\t\t\t<div class=\"elementor-column elementor-col-50 elementor-top-column elementor-element elementor-element-379b62c\" data-id=\"379b62c\" data-element_type=\"column\" data-e-type=\"column\">\n\t\t\t<div class=\"elementor-widget-wrap elementor-element-populated\">\n\t\t\t\t\t\t<div class=\"elementor-element elementor-element-fc47053 elementor-widget elementor-widget-image\" data-id=\"fc47053\" data-element_type=\"widget\" data-e-type=\"widget\" data-widget_type=\"image.default\">\n\t\t\t\t<div class=\"elementor-widget-container\">\n\t\t\t\t\t\t\t\t\t\t\t\t\t\t\t<img decoding=\"async\" src=\"https:\/\/masxmenosugao.com\/wp-content\/uploads\/elementor\/thumbs\/IMG_20231115_201113-Emilio-Suarez-2-scaled-qgsn6x6tdaw978cbwejdgvaym8klfon6zdt1dgrrm0.jpg\" title=\"IMG_20231115_201113 &#8211; Emilio Su\u00e1rez\" alt=\"IMG_20231115_201113 - Emilio Su\u00e1rez\" loading=\"lazy\" \/>\t\t\t\t\t\t\t\t\t\t\t\t\t\t\t<\/div>\n\t\t\t\t<\/div>\n\t\t\t\t\t<\/div>\n\t\t<\/div>\n\t\t\t\t<div class=\"elementor-column elementor-col-50 elementor-top-column elementor-element elementor-element-f821cc5\" data-id=\"f821cc5\" data-element_type=\"column\" data-e-type=\"column\">\n\t\t\t<div class=\"elementor-widget-wrap elementor-element-populated\">\n\t\t\t\t\t\t<div class=\"elementor-element elementor-element-df04537 elementor-position-inline-start elementor-mobile-position-inline-start elementor-view-default elementor-widget elementor-widget-icon-box\" data-id=\"df04537\" data-element_type=\"widget\" data-e-type=\"widget\" data-widget_type=\"icon-box.default\">\n\t\t\t\t<div class=\"elementor-widget-container\">\n\t\t\t\t\t\t\t<div class=\"elementor-icon-box-wrapper\">\n\n\t\t\t\t\t\t<div class=\"elementor-icon-box-icon\">\n\t\t\t\t<span  class=\"elementor-icon\">\n\t\t\t\t<i aria-hidden=\"true\" class=\"icon icon-alarm-clock\"><\/i>\t\t\t\t<\/span>\n\t\t\t<\/div>\n\t\t\t\n\t\t\t\t\t\t<div class=\"elementor-icon-box-content\">\n\n\t\t\t\t\t\t\t\t\t<h3 class=\"elementor-icon-box-title\">\n\t\t\t\t\t\t<span  >\n\t\t\t\t\t\t\tOrdutegia\t\t\t\t\t\t<\/span>\n\t\t\t\t\t<\/h3>\n\t\t\t\t\n\t\t\t\t\t\t\t\t\t<p class=\"elementor-icon-box-description\">\n\t\t\t\t\t\tAstelehen - Ostiral<br>\n7.30h - 14.00h  eta 17.00h - 20.30h.<br>\nLarunbata<br>\n8.00h - 14.00h<br>\nIgande eta jaiegunetan:<br>\n8.00h - 13.30h.\t\t\t\t\t<\/p>\n\t\t\t\t\n\t\t\t<\/div>\n\t\t\t\n\t\t<\/div>\n\t\t\t\t\t\t<\/div>\n\t\t\t\t<\/div>\n\t\t\t\t\t<\/div>\n\t\t<\/div>\n\t\t\t\t\t<\/div>\n\t\t<\/section>\n\t\t\t\t<\/div>","protected":false},"excerpt":{"rendered":"<p>M\u00e1s x Menos Sobre Nosotros En 2003, comenzamos como una tienda de productos congelados. Con el tiempo, ampliamos nuestra oferta para incluir una amplia variedad de alimentos, manteniendo nuestra especializaci\u00f3n en productos ultra congelados. Como resultado, ahora ofrecemos una variedad de alimentos, incluyendo charcuter\u00eda envasada, conservas y productos de panader\u00eda. A pesar de estos cambios, [&hellip;]<\/p>\n","protected":false},"author":1,"featured_media":0,"parent":0,"menu_order":0,"comment_status":"closed","ping_status":"closed","template":"elementor_canvas","meta":{"footnotes":""},"class_list":["post-2","page","type-page","status-publish","hentry"],"yoast_head":"<!-- This site is optimized with the Yoast SEO plugin v27.5 - https:\/\/yoast.com\/product\/yoast-seo-wordpress\/ -->\n<title>Inicio - Congelados Betanzos - M\u00e1s x Menos<\/title>\n<meta name=\"robots\" content=\"index, follow, max-snippet:-1, max-image-preview:large, max-video-preview:-1\" \/>\n<link rel=\"canonical\" href=\"https:\/\/masxmenosugao.com\/eus\/\" \/>\n<meta property=\"og:locale\" content=\"en_US\" \/>\n<meta property=\"og:type\" content=\"article\" \/>\n<meta property=\"og:title\" content=\"Inicio - Congelados Betanzos - M\u00e1s x Menos\" \/>\n<meta property=\"og:description\" content=\"M\u00e1s x Menos Sobre Nosotros En 2003, comenzamos como una tienda de productos congelados. Con el tiempo, ampliamos nuestra oferta para incluir una amplia variedad de alimentos, manteniendo nuestra especializaci\u00f3n en productos ultra congelados. Como resultado, ahora ofrecemos una variedad de alimentos, incluyendo charcuter\u00eda envasada, conservas y productos de panader\u00eda. A pesar de estos cambios, [&hellip;]\" \/>\n<meta property=\"og:url\" content=\"https:\/\/masxmenosugao.com\/eus\/\" \/>\n<meta property=\"og:site_name\" content=\"Congelados Betanzos - M\u00e1s x Menos\" \/>\n<meta property=\"article:modified_time\" content=\"2023-12-15T09:49:23+00:00\" \/>\n<meta property=\"og:image\" content=\"https:\/\/masxmenosugao.com\/wp-content\/uploads\/elementor\/thumbs\/IMG_20231115_201212-Emilio-Suarez-scaled-qgsm57vwge3s1hy75626mobqmvilwa4vjjcql87fb4.jpg\" \/>\n<meta name=\"twitter:card\" content=\"summary_large_image\" \/>\n<meta name=\"twitter:label1\" content=\"Est. reading time\" \/>\n\t<meta name=\"twitter:data1\" content=\"1 minutua\" \/>\n<script type=\"application\/ld+json\" class=\"yoast-schema-graph\">{\"@context\":\"https:\\\/\\\/schema.org\",\"@graph\":[{\"@type\":\"WebPage\",\"@id\":\"https:\\\/\\\/masxmenosugao.com\\\/\",\"url\":\"https:\\\/\\\/masxmenosugao.com\\\/\",\"name\":\"Inicio - Congelados Betanzos - M\u00e1s x Menos\",\"isPartOf\":{\"@id\":\"https:\\\/\\\/masxmenosugao.com\\\/#website\"},\"primaryImageOfPage\":{\"@id\":\"https:\\\/\\\/masxmenosugao.com\\\/#primaryimage\"},\"image\":{\"@id\":\"https:\\\/\\\/masxmenosugao.com\\\/#primaryimage\"},\"thumbnailUrl\":\"https:\\\/\\\/masxmenosugao.com\\\/wp-content\\\/uploads\\\/elementor\\\/thumbs\\\/IMG_20231115_201212-Emilio-Suarez-scaled-qgsm57vwge3s1hy75626mobqmvilwa4vjjcql87fb4.jpg\",\"datePublished\":\"2023-12-13T15:23:29+00:00\",\"dateModified\":\"2023-12-15T09:49:23+00:00\",\"breadcrumb\":{\"@id\":\"https:\\\/\\\/masxmenosugao.com\\\/#breadcrumb\"},\"inLanguage\":\"eu\",\"potentialAction\":[{\"@type\":\"ReadAction\",\"target\":[\"https:\\\/\\\/masxmenosugao.com\\\/\"]}]},{\"@type\":\"ImageObject\",\"inLanguage\":\"eu\",\"@id\":\"https:\\\/\\\/masxmenosugao.com\\\/#primaryimage\",\"url\":\"https:\\\/\\\/masxmenosugao.com\\\/wp-content\\\/uploads\\\/elementor\\\/thumbs\\\/IMG_20231115_201212-Emilio-Suarez-scaled-qgsm57vwge3s1hy75626mobqmvilwa4vjjcql87fb4.jpg\",\"contentUrl\":\"https:\\\/\\\/masxmenosugao.com\\\/wp-content\\\/uploads\\\/elementor\\\/thumbs\\\/IMG_20231115_201212-Emilio-Suarez-scaled-qgsm57vwge3s1hy75626mobqmvilwa4vjjcql87fb4.jpg\"},{\"@type\":\"BreadcrumbList\",\"@id\":\"https:\\\/\\\/masxmenosugao.com\\\/#breadcrumb\",\"itemListElement\":[{\"@type\":\"ListItem\",\"position\":1,\"name\":\"Portada\",\"item\":\"https:\\\/\\\/masxmenosugao.com\\\/\"},{\"@type\":\"ListItem\",\"position\":2,\"name\":\"Inicio\"}]},{\"@type\":\"WebSite\",\"@id\":\"https:\\\/\\\/masxmenosugao.com\\\/#website\",\"url\":\"https:\\\/\\\/masxmenosugao.com\\\/\",\"name\":\"Congelados Betanzos - M\u00e1s x Menos\",\"description\":\"\",\"publisher\":{\"@id\":\"https:\\\/\\\/masxmenosugao.com\\\/#organization\"},\"potentialAction\":[{\"@type\":\"SearchAction\",\"target\":{\"@type\":\"EntryPoint\",\"urlTemplate\":\"https:\\\/\\\/masxmenosugao.com\\\/?s={search_term_string}\"},\"query-input\":{\"@type\":\"PropertyValueSpecification\",\"valueRequired\":true,\"valueName\":\"search_term_string\"}}],\"inLanguage\":\"eu\"},{\"@type\":\"Organization\",\"@id\":\"https:\\\/\\\/masxmenosugao.com\\\/#organization\",\"name\":\"Congelados Betanzos - M\u00e1s x Menos\",\"url\":\"https:\\\/\\\/masxmenosugao.com\\\/\",\"logo\":{\"@type\":\"ImageObject\",\"inLanguage\":\"eu\",\"@id\":\"https:\\\/\\\/masxmenosugao.com\\\/#\\\/schema\\\/logo\\\/image\\\/\",\"url\":\"https:\\\/\\\/masxmenosugao.com\\\/wp-content\\\/uploads\\\/2023\\\/12\\\/cropped-1.png\",\"contentUrl\":\"https:\\\/\\\/masxmenosugao.com\\\/wp-content\\\/uploads\\\/2023\\\/12\\\/cropped-1.png\",\"width\":500,\"height\":419,\"caption\":\"Congelados Betanzos - M\u00e1s x Menos\"},\"image\":{\"@id\":\"https:\\\/\\\/masxmenosugao.com\\\/#\\\/schema\\\/logo\\\/image\\\/\"}}]}<\/script>\n<!-- \/ Yoast SEO plugin. -->","yoast_head_json":{"title":"Inicio - Congelados Betanzos - M\u00e1s x Menos","robots":{"index":"index","follow":"follow","max-snippet":"max-snippet:-1","max-image-preview":"max-image-preview:large","max-video-preview":"max-video-preview:-1"},"canonical":"https:\/\/masxmenosugao.com\/eus\/","og_locale":"en_US","og_type":"article","og_title":"Inicio - Congelados Betanzos - M\u00e1s x Menos","og_description":"M\u00e1s x Menos Sobre Nosotros En 2003, comenzamos como una tienda de productos congelados. Con el tiempo, ampliamos nuestra oferta para incluir una amplia variedad de alimentos, manteniendo nuestra especializaci\u00f3n en productos ultra congelados. Como resultado, ahora ofrecemos una variedad de alimentos, incluyendo charcuter\u00eda envasada, conservas y productos de panader\u00eda. A pesar de estos cambios, [&hellip;]","og_url":"https:\/\/masxmenosugao.com\/eus\/","og_site_name":"Congelados Betanzos - M\u00e1s x Menos","article_modified_time":"2023-12-15T09:49:23+00:00","og_image":[{"url":"https:\/\/masxmenosugao.com\/wp-content\/uploads\/elementor\/thumbs\/IMG_20231115_201212-Emilio-Suarez-scaled-qgsm57vwge3s1hy75626mobqmvilwa4vjjcql87fb4.jpg","type":"","width":"","height":""}],"twitter_card":"summary_large_image","twitter_misc":{"Est. reading time":"1 minutua"},"schema":{"@context":"https:\/\/schema.org","@graph":[{"@type":"WebPage","@id":"https:\/\/masxmenosugao.com\/","url":"https:\/\/masxmenosugao.com\/","name":"Inicio - Congelados Betanzos - M\u00e1s x Menos","isPartOf":{"@id":"https:\/\/masxmenosugao.com\/#website"},"primaryImageOfPage":{"@id":"https:\/\/masxmenosugao.com\/#primaryimage"},"image":{"@id":"https:\/\/masxmenosugao.com\/#primaryimage"},"thumbnailUrl":"https:\/\/masxmenosugao.com\/wp-content\/uploads\/elementor\/thumbs\/IMG_20231115_201212-Emilio-Suarez-scaled-qgsm57vwge3s1hy75626mobqmvilwa4vjjcql87fb4.jpg","datePublished":"2023-12-13T15:23:29+00:00","dateModified":"2023-12-15T09:49:23+00:00","breadcrumb":{"@id":"https:\/\/masxmenosugao.com\/#breadcrumb"},"inLanguage":"eu","potentialAction":[{"@type":"ReadAction","target":["https:\/\/masxmenosugao.com\/"]}]},{"@type":"ImageObject","inLanguage":"eu","@id":"https:\/\/masxmenosugao.com\/#primaryimage","url":"https:\/\/masxmenosugao.com\/wp-content\/uploads\/elementor\/thumbs\/IMG_20231115_201212-Emilio-Suarez-scaled-qgsm57vwge3s1hy75626mobqmvilwa4vjjcql87fb4.jpg","contentUrl":"https:\/\/masxmenosugao.com\/wp-content\/uploads\/elementor\/thumbs\/IMG_20231115_201212-Emilio-Suarez-scaled-qgsm57vwge3s1hy75626mobqmvilwa4vjjcql87fb4.jpg"},{"@type":"BreadcrumbList","@id":"https:\/\/masxmenosugao.com\/#breadcrumb","itemListElement":[{"@type":"ListItem","position":1,"name":"Portada","item":"https:\/\/masxmenosugao.com\/"},{"@type":"ListItem","position":2,"name":"Inicio"}]},{"@type":"WebSite","@id":"https:\/\/masxmenosugao.com\/#website","url":"https:\/\/masxmenosugao.com\/","name":"Congelados Betanzos - M\u00e1s x Menos","description":"","publisher":{"@id":"https:\/\/masxmenosugao.com\/#organization"},"potentialAction":[{"@type":"SearchAction","target":{"@type":"EntryPoint","urlTemplate":"https:\/\/masxmenosugao.com\/?s={search_term_string}"},"query-input":{"@type":"PropertyValueSpecification","valueRequired":true,"valueName":"search_term_string"}}],"inLanguage":"eu"},{"@type":"Organization","@id":"https:\/\/masxmenosugao.com\/#organization","name":"Congelados Betanzos - M\u00e1s x Menos","url":"https:\/\/masxmenosugao.com\/","logo":{"@type":"ImageObject","inLanguage":"eu","@id":"https:\/\/masxmenosugao.com\/#\/schema\/logo\/image\/","url":"https:\/\/masxmenosugao.com\/wp-content\/uploads\/2023\/12\/cropped-1.png","contentUrl":"https:\/\/masxmenosugao.com\/wp-content\/uploads\/2023\/12\/cropped-1.png","width":500,"height":419,"caption":"Congelados Betanzos - M\u00e1s x Menos"},"image":{"@id":"https:\/\/masxmenosugao.com\/#\/schema\/logo\/image\/"}}]}},"_links":{"self":[{"href":"https:\/\/masxmenosugao.com\/eus\/wp-json\/wp\/v2\/pages\/2","targetHints":{"allow":["GET"]}}],"collection":[{"href":"https:\/\/masxmenosugao.com\/eus\/wp-json\/wp\/v2\/pages"}],"about":[{"href":"https:\/\/masxmenosugao.com\/eus\/wp-json\/wp\/v2\/types\/page"}],"author":[{"embeddable":true,"href":"https:\/\/masxmenosugao.com\/eus\/wp-json\/wp\/v2\/users\/1"}],"replies":[{"embeddable":true,"href":"https:\/\/masxmenosugao.com\/eus\/wp-json\/wp\/v2\/comments?post=2"}],"version-history":[{"count":16,"href":"https:\/\/masxmenosugao.com\/eus\/wp-json\/wp\/v2\/pages\/2\/revisions"}],"predecessor-version":[{"id":188,"href":"https:\/\/masxmenosugao.com\/eus\/wp-json\/wp\/v2\/pages\/2\/revisions\/188"}],"wp:attachment":[{"href":"https:\/\/masxmenosugao.com\/eus\/wp-json\/wp\/v2\/media?parent=2"}],"curies":[{"name":"wp","href":"https:\/\/api.w.org\/{rel}","templated":true}]}}